{"id":12,"date":"2023-08-01T12:32:52","date_gmt":"2023-08-01T10:32:52","guid":{"rendered":"https:\/\/pflegeazubis-beraten.de\/?page_id=12"},"modified":"2024-01-24T17:44:58","modified_gmt":"2024-01-24T16:44:58","slug":"ueber-uns","status":"publish","type":"page","link":"https:\/\/pflegeazubis-beraten.de\/?page_id=12","title":{"rendered":"\u00dcber das Projekt"},"content":{"rendered":"\n<p>Das Projekt &#8222;Weblogs in der Pflegeausbildung&#8220; fokussiert sowohl Medienbildung als auch eine aufgabenorientierte Didaktik in der beruflichen Pflegeausbildung. Hierf\u00fcr haben wir dieses Weblog erstellt, in dem sich Auszubildende in der Pflege an Betroffenen, Angeh\u00f6rige und Interessierte wenden. Es werden Blogbeitr\u00e4ge \u00fcber Pflege von Auszubildenden verfasst, ver\u00f6ffentlicht und Kommentare auf diese Beitr\u00e4ge beantwortet.<\/p>\n\n\n\n<p>Das Projekt ist eine Initiative von Roland Br\u00fche und Tobias H\u00f6lterhof. Es wird durch die Katholische Hochschule NRW unterst\u00fctzt. <\/p>\n\n\n\n<p>Gegenstand dieses Weblogs ist nicht die medizinische Versorgung oder die Beantwortung von medizinischen Fragen. Bitte werden sie sich bei solchen Fragen an ihre \u00c4rztin oder ihren Arzt. Wir bloggen hier \u00fcber Pflege und pflegerische Versorgung.<\/p>\n\n\n\n<p><\/p>\n\n\n\n<p><\/p>\n\n\n\n<h3 class=\"wp-block-heading\">Team<\/h3>\n\n\n\n<p><\/p>\n\n\n\n<div class=\"wp-block-columns is-layout-flex wp-container-4\">\n<div class=\"wp-block-column is-layout-flow\">\n<figure class=\"wp-block-image size-large is-resized\"><img decoding=\"async\" loading=\"lazy\" src=\"https:\/\/pflegeazubis-beraten.de\/wp-content\/uploads\/2023\/09\/bruehe_portrait_katho_2023c-1024x957.jpg\" alt=\"\" class=\"wp-image-96\" width=\"237\" height=\"220\" srcset=\"https:\/\/pflegeazubis-beraten.de\/wp-content\/uploads\/2023\/09\/bruehe_portrait_katho_2023c-1024x957.jpg 1024w, https:\/\/pflegeazubis-beraten.de\/wp-content\/uploads\/2023\/09\/bruehe_portrait_katho_2023c-300x280.jpg 300w, https:\/\/pflegeazubis-beraten.de\/wp-content\/uploads\/2023\/09\/bruehe_portrait_katho_2023c-768x717.jpg 768w, https:\/\/pflegeazubis-beraten.de\/wp-content\/uploads\/2023\/09\/bruehe_portrait_katho_2023c-1536x1435.jpg 1536w, https:\/\/pflegeazubis-beraten.de\/wp-content\/uploads\/2023\/09\/bruehe_portrait_katho_2023c-2048x1913.jpg 2048w\" sizes=\"(max-width: 237px) 100vw, 237px\" \/><\/figure>\n\n\n\n<p>Prof. Dr. Roland Br\u00fche<br><\/p>\n<\/div>\n\n\n\n<div class=\"wp-block-column is-layout-flow\">\n<figure class=\"wp-block-image size-full\"><img decoding=\"async\" loading=\"lazy\" width=\"800\" height=\"800\" src=\"https:\/\/pflegeazubis-beraten.de\/wp-content\/uploads\/2023\/09\/Tobias-Hoelterhof-800px.jpg\" alt=\"\" class=\"wp-image-76\" srcset=\"https:\/\/pflegeazubis-beraten.de\/wp-content\/uploads\/2023\/09\/Tobias-Hoelterhof-800px.jpg 800w, https:\/\/pflegeazubis-beraten.de\/wp-content\/uploads\/2023\/09\/Tobias-Hoelterhof-800px-300x300.jpg 300w, https:\/\/pflegeazubis-beraten.de\/wp-content\/uploads\/2023\/09\/Tobias-Hoelterhof-800px-150x150.jpg 150w, https:\/\/pflegeazubis-beraten.de\/wp-content\/uploads\/2023\/09\/Tobias-Hoelterhof-800px-768x768.jpg 768w\" sizes=\"(max-width: 800px) 100vw, 800px\" \/><\/figure>\n\n\n\n<p>Prof. Dr. Tobias H\u00f6lterhof<\/p>\n<\/div>\n\n\n\n<div class=\"wp-block-column is-layout-flow\">\n<figure class=\"wp-block-image size-large is-resized\"><img decoding=\"async\" loading=\"lazy\" src=\"https:\/\/pflegeazubis-beraten.de\/wp-content\/uploads\/2023\/09\/IMG_0417-1015x1024.jpeg\" alt=\"\" class=\"wp-image-93\" width=\"216\" height=\"217\" srcset=\"https:\/\/pflegeazubis-beraten.de\/wp-content\/uploads\/2023\/09\/IMG_0417-1015x1024.jpeg 1015w, https:\/\/pflegeazubis-beraten.de\/wp-content\/uploads\/2023\/09\/IMG_0417-297x300.jpeg 297w, https:\/\/pflegeazubis-beraten.de\/wp-content\/uploads\/2023\/09\/IMG_0417-150x150.jpeg 150w, https:\/\/pflegeazubis-beraten.de\/wp-content\/uploads\/2023\/09\/IMG_0417-768x775.jpeg 768w, https:\/\/pflegeazubis-beraten.de\/wp-content\/uploads\/2023\/09\/IMG_0417-1522x1536.jpeg 1522w, https:\/\/pflegeazubis-beraten.de\/wp-content\/uploads\/2023\/09\/IMG_0417-2029x2048.jpeg 2029w\" sizes=\"(max-width: 216px) 100vw, 216px\" \/><\/figure>\n\n\n\n<p>Eva Singer M.A.<\/p>\n<\/div>\n<\/div>\n\n\n\n<div style=\"height:100px\" aria-hidden=\"true\" class=\"wp-block-spacer\"><\/div>\n\n\n\n<figure class=\"wp-block-image size-large is-resized\"><img decoding=\"async\" loading=\"lazy\" src=\"https:\/\/pflegeazubis-beraten.de\/wp-content\/uploads\/2023\/09\/katho-1024x335.png\" alt=\"\" class=\"wp-image-64\" width=\"332\" height=\"108\" srcset=\"https:\/\/pflegeazubis-beraten.de\/wp-content\/uploads\/2023\/09\/katho-1024x335.png 1024w, https:\/\/pflegeazubis-beraten.de\/wp-content\/uploads\/2023\/09\/katho-300x98.png 300w, https:\/\/pflegeazubis-beraten.de\/wp-content\/uploads\/2023\/09\/katho-768x251.png 768w, https:\/\/pflegeazubis-beraten.de\/wp-content\/uploads\/2023\/09\/katho-1536x502.png 1536w, https:\/\/pflegeazubis-beraten.de\/wp-content\/uploads\/2023\/09\/katho-2048x670.png 2048w\" sizes=\"(max-width: 332px) 100vw, 332px\" \/><\/figure>\n","protected":false},"excerpt":{"rendered":"<p>Das Projekt &#8222;Weblogs in der Pflegeausbildung&#8220; fokussiert sowohl Medienbildung als auch eine aufgabenorientierte Didaktik in der beruflichen Pflegeausbildung. Hierf\u00fcr haben wir dieses Weblog erstellt, in dem sich Auszubildende in der Pflege an Betroffenen, Angeh\u00f6rige und Interessierte wenden. Es werden Blogbeitr\u00e4ge \u00fcber Pflege von Auszubildenden verfasst, ver\u00f6ffentlicht und Kommentare auf diese Beitr\u00e4ge beantwortet. Das Projekt ist [&hellip;]<\/p>\n","protected":false},"author":2,"featured_media":0,"parent":0,"menu_order":0,"comment_status":"closed","ping_status":"closed","template":"","meta":[],"_links":{"self":[{"href":"https:\/\/pflegeazubis-beraten.de\/index.php?rest_route=\/wp\/v2\/pages\/12"}],"collection":[{"href":"https:\/\/pflegeazubis-beraten.de\/index.php?rest_route=\/wp\/v2\/pages"}],"about":[{"href":"https:\/\/pflegeazubis-beraten.de\/index.php?rest_route=\/wp\/v2\/types\/page"}],"author":[{"embeddable":true,"href":"https:\/\/pflegeazubis-beraten.de\/index.php?rest_route=\/wp\/v2\/users\/2"}],"replies":[{"embeddable":true,"href":"https:\/\/pflegeazubis-beraten.de\/index.php?rest_route=%2Fwp%2Fv2%2Fcomments&post=12"}],"version-history":[{"count":6,"href":"https:\/\/pflegeazubis-beraten.de\/index.php?rest_route=\/wp\/v2\/pages\/12\/revisions"}],"predecessor-version":[{"id":369,"href":"https:\/\/pflegeazubis-beraten.de\/index.php?rest_route=\/wp\/v2\/pages\/12\/revisions\/369"}],"wp:attachment":[{"href":"https:\/\/pflegeazubis-beraten.de\/index.php?rest_route=%2Fwp%2Fv2%2Fmedia&parent=12"}],"curies":[{"name":"wp","href":"https:\/\/api.w.org\/{rel}","templated":true}]}}