{"id":14,"date":"2023-08-01T12:32:52","date_gmt":"2023-08-01T10:32:52","guid":{"rendered":"https:\/\/pflegeazubis-beraten.de\/?page_id=14"},"modified":"2024-01-26T16:50:27","modified_gmt":"2024-01-26T15:50:27","slug":"blog","status":"publish","type":"page","link":"https:\/\/pflegeazubis-beraten.de\/?page_id=14","title":{"rendered":"Wer bloggt hier?"},"content":{"rendered":"\n<p>Die Blogbeitr\u00e4ge werden von den Auszubildenden zur Pflegefachfrau \/zum Pflegefachmann des Kurses 21-09-1 (im 3. Ausbildungsjahr) der Pflegeschule des Fachbereichs Gesundheit des <strong>Universit\u00e4tsklinikums D\u00fcsseldorf<\/strong> erstellt.<\/p>\n\n\n\n<p>Wir sind insgesamt 16 Auszubildenden haben uns mit dem &#8222;<strong>Thema Harninkontinenz bei M\u00e4nnern&#8220; <\/strong>besch\u00e4ftigt und die Beitr\u00e4ge im Unterricht verfasst, besprochen, \u00fcberarbeitet und ver\u00f6ffentlicht. Der Blog wird bis zum 22. M\u00e4rz von uns Auszubildenden begleitet, so dass wir ebenfalls auf Kommentare zu unserem Blog antworten werden. Dies kann ggf. mit etwas zeitlicher Verz\u00f6gerung geschehen. <br>Aber wir freuen uns auf den Austausch;))<\/p>\n\n\n\n<figure class=\"wp-block-image size-large\"><img decoding=\"async\" loading=\"lazy\" width=\"1024\" height=\"668\" src=\"https:\/\/pflegeazubis-beraten.de\/wp-content\/uploads\/2024\/01\/gruppenbild_weblog-1024x668.jpg\" alt=\"\" class=\"wp-image-244\" srcset=\"https:\/\/pflegeazubis-beraten.de\/wp-content\/uploads\/2024\/01\/gruppenbild_weblog-1024x668.jpg 1024w, https:\/\/pflegeazubis-beraten.de\/wp-content\/uploads\/2024\/01\/gruppenbild_weblog-300x196.jpg 300w, https:\/\/pflegeazubis-beraten.de\/wp-content\/uploads\/2024\/01\/gruppenbild_weblog-768x501.jpg 768w, https:\/\/pflegeazubis-beraten.de\/wp-content\/uploads\/2024\/01\/gruppenbild_weblog-1536x1002.jpg 1536w, https:\/\/pflegeazubis-beraten.de\/wp-content\/uploads\/2024\/01\/gruppenbild_weblog.jpg 1920w\" sizes=\"(max-width: 1024px) 100vw, 1024px\" \/><\/figure>\n\n\n\n<hr class=\"wp-block-separator has-text-color has-vivid-cyan-blue-color has-alpha-channel-opacity has-vivid-cyan-blue-background-color has-background\"\/>\n\n\n\n<p class=\"has-contrast-color has-text-color has-small-font-size\">Die Auszubildenden des Kurses 21-09-1<\/p>\n","protected":false},"excerpt":{"rendered":"<p>Die Blogbeitr\u00e4ge werden von den Auszubildenden zur Pflegefachfrau \/zum Pflegefachmann des Kurses 21-09-1 (im 3. Ausbildungsjahr) der Pflegeschule des Fachbereichs Gesundheit des Universit\u00e4tsklinikums D\u00fcsseldorf erstellt. Wir sind insgesamt 16 Auszubildenden haben uns mit dem &#8222;Thema Harninkontinenz bei M\u00e4nnern&#8220; besch\u00e4ftigt und die Beitr\u00e4ge im Unterricht verfasst, besprochen, \u00fcberarbeitet und ver\u00f6ffentlicht. Der Blog wird bis zum 22. [&hellip;]<\/p>\n","protected":false},"author":2,"featured_media":0,"parent":0,"menu_order":0,"comment_status":"closed","ping_status":"closed","template":"","meta":[],"_links":{"self":[{"href":"https:\/\/pflegeazubis-beraten.de\/index.php?rest_route=\/wp\/v2\/pages\/14"}],"collection":[{"href":"https:\/\/pflegeazubis-beraten.de\/index.php?rest_route=\/wp\/v2\/pages"}],"about":[{"href":"https:\/\/pflegeazubis-beraten.de\/index.php?rest_route=\/wp\/v2\/types\/page"}],"author":[{"embeddable":true,"href":"https:\/\/pflegeazubis-beraten.de\/index.php?rest_route=\/wp\/v2\/users\/2"}],"replies":[{"embeddable":true,"href":"https:\/\/pflegeazubis-beraten.de\/index.php?rest_route=%2Fwp%2Fv2%2Fcomments&post=14"}],"version-history":[{"count":5,"href":"https:\/\/pflegeazubis-beraten.de\/index.php?rest_route=\/wp\/v2\/pages\/14\/revisions"}],"predecessor-version":[{"id":516,"href":"https:\/\/pflegeazubis-beraten.de\/index.php?rest_route=\/wp\/v2\/pages\/14\/revisions\/516"}],"wp:attachment":[{"href":"https:\/\/pflegeazubis-beraten.de\/index.php?rest_route=%2Fwp%2Fv2%2Fmedia&parent=14"}],"curies":[{"name":"wp","href":"https:\/\/api.w.org\/{rel}","templated":true}]}}