{"id":66,"date":"2023-09-08T09:10:18","date_gmt":"2023-09-08T07:10:18","guid":{"rendered":"https:\/\/pflegeazubis-beraten.de\/?page_id=66"},"modified":"2024-01-26T12:13:08","modified_gmt":"2024-01-26T11:13:08","slug":"kommentare-schreiben-und-fragen-stellen","status":"publish","type":"page","link":"https:\/\/pflegeazubis-beraten.de\/?page_id=66","title":{"rendered":"Kommentare schreiben und Fragen stellen"},"content":{"rendered":"\n<p>Dieses Weblog richtet sich an Betroffene, Angeh\u00f6rige und Interessierte. Es thematisiert Pflege und pflegerische Beratung in Kontext ausgew\u00e4hlter Pflegeanl\u00e4sse und lebt von Ihren Kommentaren, Fragen und Anregungen.<\/p>\n\n\n\n<p>Bitte beachten Sie beim Verfassen von Kommentaren zu den Beitr\u00e4gen hier im Weblog:<\/p>\n\n\n\n<ul>\n<li>Kommentare auf diesem Weblog werden moderiert. Ihr Kommentar ist daher nicht sofort sichtbar, sondern wird von den Auszubildenden gesichtet und dann freigeschaltet.<\/li>\n\n\n\n<li>Bitte nennen Sie keine personenbezogenen Daten wie beispielsweise Ihren Nachnamen oder Ihre Adresse in den Kommentare. Solche Angaben werden von den Auszubildenden entfernt.<\/li>\n\n\n\n<li>Bitte haben Sie etwas Geduld. Die Beantwortung der Kommentare erfolgt durch die Auszubildenden und wird im Pflegeunterricht thematisiert. Dieser Prozess braucht Zeit.<\/li>\n\n\n\n<li>Gegenstand der Weblogs ist nicht die medizinische Versorgung. Bitte konsultieren Sie zu medizinischen Fragen Ihre \u00c4rztin oder Ihren Arzt.<\/li>\n\n\n\n<li>Die Kommentarfunktion ist bis zum 22.03.2024 aktiv.<\/li>\n<\/ul>\n","protected":false},"excerpt":{"rendered":"<p>Dieses Weblog richtet sich an Betroffene, Angeh\u00f6rige und Interessierte. Es thematisiert Pflege und pflegerische Beratung in Kontext ausgew\u00e4hlter Pflegeanl\u00e4sse und lebt von Ihren Kommentaren, Fragen und Anregungen. Bitte beachten Sie beim Verfassen von Kommentaren zu den Beitr\u00e4gen hier im Weblog:<\/p>\n","protected":false},"author":2,"featured_media":0,"parent":0,"menu_order":0,"comment_status":"closed","ping_status":"closed","template":"","meta":[],"_links":{"self":[{"href":"https:\/\/pflegeazubis-beraten.de\/index.php?rest_route=\/wp\/v2\/pages\/66"}],"collection":[{"href":"https:\/\/pflegeazubis-beraten.de\/index.php?rest_route=\/wp\/v2\/pages"}],"about":[{"href":"https:\/\/pflegeazubis-beraten.de\/index.php?rest_route=\/wp\/v2\/types\/page"}],"author":[{"embeddable":true,"href":"https:\/\/pflegeazubis-beraten.de\/index.php?rest_route=\/wp\/v2\/users\/2"}],"replies":[{"embeddable":true,"href":"https:\/\/pflegeazubis-beraten.de\/index.php?rest_route=%2Fwp%2Fv2%2Fcomments&post=66"}],"version-history":[{"count":3,"href":"https:\/\/pflegeazubis-beraten.de\/index.php?rest_route=\/wp\/v2\/pages\/66\/revisions"}],"predecessor-version":[{"id":428,"href":"https:\/\/pflegeazubis-beraten.de\/index.php?rest_route=\/wp\/v2\/pages\/66\/revisions\/428"}],"wp:attachment":[{"href":"https:\/\/pflegeazubis-beraten.de\/index.php?rest_route=%2Fwp%2Fv2%2Fmedia&parent=66"}],"curies":[{"name":"wp","href":"https:\/\/api.w.org\/{rel}","templated":true}]}}